{"id":2096,"date":"2024-08-18T02:39:28","date_gmt":"2024-08-18T00:39:28","guid":{"rendered":"https:\/\/eduexpert.eu\/regulamin\/"},"modified":"2024-10-15T10:23:36","modified_gmt":"2024-10-15T08:23:36","slug":"regulamin","status":"publish","type":"page","link":"https:\/\/eduexpert.eu\/en\/regulamin\/","title":{"rendered":"Regulamin"},"content":{"rendered":"\n<h2 class=\"wp-block-heading\"><strong>TERMS OF USE<\/strong><\/h2>\n\n\n\n<p>By accessing and using this site and any web pages located within [\u2026] (collectively, the \u201cSite\u201d), you accept the following terms and conditions (\u201cTerms\u201d), without limitation or qualification. If you do not accept these Terms, you must discontinue all use of the Site.<\/p>\n\n\n\n<h2 class=\"wp-block-heading\"><strong>Ownership and third-party link<\/strong><\/h2>\n\n\n\n<p>Unless otherwise stated, all content provided on this Site, including, but not limited to, the text and images contained herein and their arrangement, is owned by or licensed to EDUEXPERT SP\u00d3\u0141KA Z OGRANICZON\u0104 ODPOWIEDZIALNO\u015aCI\u0104 with its office in Toru\u0144 (address: ul. Kociewska 22A, 87-100 Toru\u0144), entered into the register of entrepreneurs of the National Court Register maintained by the District Court in Toru\u0144, 7th Commercial Division of the National Court Register, with share capital of PLN 100,000, under KRS number: 0000577180, REGON: 362646180, NIP: 9562313418 and its affiliates (collectively \u201eCompany\u201d, or \u201cus\u201d).<\/p>\n\n\n\n<p>You may only use the content for informational, non-commercial purposes.&nbsp; The information provided on this Site is for informational purposes only and does not create a business or professional services relationship between you and the Company. You may not copy, reproduce, publish, distribute, modify, or create derivative works from, sell, or exploit in any way the Site or content provided in this Site. Screen\/web scraping, crawling, extraction, or collection of the content of the Site is prohibited. All rights not expressly granted are reserved.<\/p>\n\n\n\n<p>Links on this Site may lead to services or sites not operated by the Company. No judgment or warranty is made concerning such other services or sites and the Company takes no responsibility for such other sites or services. A link to another site or service is not an endorsement of that site or service. Any use you make of the information provided on this Site or any site or service linked to this Site is at your own risk. Our Privacy and Cookie Policy does not apply to any collection and processing of your data on or through such other sites.<\/p>\n\n\n\n<h2 class=\"wp-block-heading\"><strong>Feedback and submissions<\/strong><\/h2>\n\n\n\n<p>Unless expressly stated otherwise herein, any information submitted by you through this Site shall be deemed non-confidential and non-proprietary. You represent that you have the lawful right to submit such information and agree that you will not submit any information unless you are legally entitled to do so.<\/p>\n\n\n\n<p>You hereby assign and grant to the Company a worldwide, non-exclusive, perpetual, irrevocable, royalty-free, transferable, sublicensable right, title, and interest to use and incorporate into the Site (or for any other use) any suggestion, enhancement request, recommendation, correction, or other feedback provided by you relating to the Site. We will not be obligated to credit you for such feedback or hold any such feedback in confidence.<\/p>\n\n\n\n<h2 class=\"wp-block-heading\"><strong>Disclaimer<\/strong><\/h2>\n\n\n\n<p>This Site and its contents are provided \u201cAS IS\u201d and the Company makes no representation or warranty of any kind for this Site or any site or service accessible through this Site. Company expressly disclaims all express and implied warranties including, but not limited to, the implied warranties of merchantability, fitness for a particular purpose, title, and non-infringement. In no event will Company or its respective officers, directors, employees, representatives, or third-party service providers be liable to any party for any direct, indirect, incidental, special, exemplary, consequential, or other damages (including, but not limited to, lost profits, business interruption, loss of programs or data) without regard to the form of action and whether in contract, tort, negligence, strict liability, or otherwise, arising out of or in connection with this Site, any content on or accessed through this Site or any service linked to, or any copying, displaying, or use thereof. The limitations herein will apply even if a remedy fails in its essential purpose. This provision is not intended to exclude liability that we may not exclude under applicable law.<\/p>\n\n\n\n<h2 class=\"wp-block-heading\"><strong>Choice of law and jurisdiction<\/strong><\/h2>\n\n\n\n<p>You agree that these Terms and any legal action or proceeding relating to this Site shall be governed by the laws of Poland without giving effect to any law or statutory provision which would require or permit the application of the laws of another jurisdiction. Any dispute arising out of or in connection with these Terms or any contractual or non-contractual obligations connected to these Terms will be exclusively settled by the competent court in Warsaw, Poland.<\/p>\n\n\n\n<p>You are responsible for complying with the laws of the jurisdiction from which you are accessing this Site and you agree that you will not access or use the information on this Site in violation of such laws.<\/p>\n\n\n\n<p>If any portion of these Terms is invalid or unenforceable in any jurisdiction, then (i) in that jurisdiction it shall be re-construed to the maximum effect permitted by law to effect its intent as nearly as possible, and the remainder of these Terms shall remain in full force and effect, and (ii) in every other jurisdiction, all of these Terms shall remain in full force and effect.<\/p>\n\n\n\n<h2 class=\"wp-block-heading\"><strong>Amendment to the Site and Terms<\/strong><\/h2>\n\n\n\n<p>We may, in our sole and absolute discretion and without any liability, modify, suspend, or discontinue any aspect of the Site, temporarily or permanently, at any time and without prior notice. We may also modify these Terms without notice to you. Users of the Site are advised to regularly read the Terms for possible changes. By continuing to use this Site after modifications have been made to these Terms, you accept the modifications made to these Terms.<\/p>\n\n\n\n<p><em>This version is effective per 01.08.2024<\/em><\/p>\n\n\n\t    <section id=\"realisations\" data-animation=\"block-realisations\" class=\"section section-animated block-realisations\">\n        <div class=\"animate-init fade container mx-auto\">\n\t\t\t<div class=\"heading heading--sm heading--left   heading--text-lg\">\n                <div class=\"heading__sub\">\n                    Successes of Our Clients\n                <\/div><h2 class=\"heading__main\"> Our projects<\/h2><\/div>        <\/div>\n\t\t\t                <div class=\"animate-init from-right carousel-realisations swiper px-4\">\n                    <div class=\"swiper-wrapper\">\n\t\t\t\t\t\t                                                        <div class=\"swiper-slide card\">\n                                <a href=\"https:\/\/eduexpert.eu\/en\/realisations\/e-didactic-materials-in-geography-for-high-school-and-technical-schools\/\" class=\"card__image\"\n                                   style=\"background-image: url(https:\/\/eduexpert.eu\/wp-content\/uploads\/Zrzut-ekranu-2024-10-15-o-16.32.04-1-768x427.png)\"><\/a>\n                                <ul class=\"card__category\">\n                                    <li><a href=\"https:\/\/eduexpert.eu\/en\/realisation_category\/eu-projects\/\" data-category-id=\"78\">EU projects<\/a><\/li><li><a href=\"https:\/\/eduexpert.eu\/en\/realisation_category\/ready-to-use-digital-platforms\/\" data-category-id=\"79\">Ready-to-use digital products<\/a><\/li>                                <\/ul>\n                                <h3 class=\"card__heading\">\n                                    <a href=\"https:\/\/eduexpert.eu\/en\/realisations\/e-didactic-materials-in-geography-for-high-school-and-technical-schools\/\">E-didactic materials in geography for high school and technical schools<\/a>\n                                <\/h3>\n                                <div class=\"card__bottom\">\n                                    <div class=\"card__corporation\">Ministry of National Education<\/div>\n                                    <a href=\"https:\/\/eduexpert.eu\/en\/realisations\/e-didactic-materials-in-geography-for-high-school-and-technical-schools\/\"\n                                       class=\"btn-tertiary whitespace-nowrap\">Show details<\/a>\n                                <\/div>\n                            <\/div>\n\t\t\t\t\t\t                                                        <div class=\"swiper-slide card\">\n                                <a href=\"https:\/\/eduexpert.eu\/en\/realisations\/labor-market-accessible-to-all-training-in-career-counseling\/\" class=\"card__image\"\n                                   style=\"background-image: url(https:\/\/eduexpert.eu\/wp-content\/uploads\/Rynek_pracy_logo_kolor_2-768x432.png)\"><\/a>\n                                <ul class=\"card__category\">\n                                    <li><a href=\"https:\/\/eduexpert.eu\/en\/realisation_category\/dedicated-online-training-courses\/\" data-category-id=\"81\">Dedicated online training courses<\/a><\/li><li><a href=\"https:\/\/eduexpert.eu\/en\/realisation_category\/eu-projects\/\" data-category-id=\"78\">EU projects<\/a><\/li><li><a href=\"https:\/\/eduexpert.eu\/en\/realisation_category\/ready-to-use-online-training-courses\/\" data-category-id=\"80\">Ready-to-use online training courses<\/a><\/li>                                <\/ul>\n                                <h3 class=\"card__heading\">\n                                    <a href=\"https:\/\/eduexpert.eu\/en\/realisations\/labor-market-accessible-to-all-training-in-career-counseling\/\">Labor market accessible to all &#8211; training in career counseling<\/a>\n                                <\/h3>\n                                <div class=\"card__bottom\">\n                                    <div class=\"card__corporation\">Educational Development Center<\/div>\n                                    <a href=\"https:\/\/eduexpert.eu\/en\/realisations\/labor-market-accessible-to-all-training-in-career-counseling\/\"\n                                       class=\"btn-tertiary whitespace-nowrap\">Show details<\/a>\n                                <\/div>\n                            <\/div>\n\t\t\t\t\t\t                                                        <div class=\"swiper-slide card\">\n                                <a href=\"https:\/\/eduexpert.eu\/en\/realisations\/e-learning-courses-for-navoica-educational-platform\/\" class=\"card__image\"\n                                   style=\"background-image: url(https:\/\/eduexpert.eu\/wp-content\/uploads\/asset-v1_Powszechna_Wyzsza_Szkola_Humanistyczna_PomeraniaPOM_0022021_1type@assetblock@POM_002a-768x483.jpg)\"><\/a>\n                                <ul class=\"card__category\">\n                                    <li><a href=\"https:\/\/eduexpert.eu\/en\/realisation_category\/dedicated-multimedia\/\" data-category-id=\"82\">Dedicated multimedia<\/a><\/li><li><a href=\"https:\/\/eduexpert.eu\/en\/realisation_category\/dedicated-online-training-courses\/\" data-category-id=\"81\">Dedicated online training courses<\/a><\/li><li><a href=\"https:\/\/eduexpert.eu\/en\/realisation_category\/ready-to-use-online-training-courses\/\" data-category-id=\"80\">Ready-to-use online training courses<\/a><\/li>                                <\/ul>\n                                <h3 class=\"card__heading\">\n                                    <a href=\"https:\/\/eduexpert.eu\/en\/realisations\/e-learning-courses-for-navoica-educational-platform\/\">E-learning courses for Navoica educational platform<\/a>\n                                <\/h3>\n                                <div class=\"card__bottom\">\n                                    <div class=\"card__corporation\">Navoica<\/div>\n                                    <a href=\"https:\/\/eduexpert.eu\/en\/realisations\/e-learning-courses-for-navoica-educational-platform\/\"\n                                       class=\"btn-tertiary whitespace-nowrap\">Show details<\/a>\n                                <\/div>\n                            <\/div>\n\t\t\t\t\t\t                    <\/div>\n                <\/div>\n\n                <div class=\"animate-init from-bottom container flex justify-center lg:justify-end mx-auto gap-4\">\n                    <div class=\"btn-icon button-prev\">\n                        <span class=\"icon-arrow--left\"><\/span>\n                    <\/div>\n                    <div class=\"btn-icon button-next\">\n                        <span class=\"icon-arrow-right\"><\/span>\n                    <\/div>\n                <\/div>\n\t\t\t    <\/section>\n","protected":false},"excerpt":{"rendered":"<p>TERMS OF USE By accessing and using this site and any web pages located within [\u2026] (collectively, the \u201cSite\u201d), you accept the following terms and conditions (\u201cTerms\u201d), without limitation or qualification. If you do not accept these Terms, you must discontinue all use of the Site. Ownership and third-party link Unless otherwise stated, all content [&hellip;]<\/p>\n","protected":false},"author":3,"featured_media":0,"parent":0,"menu_order":0,"comment_status":"closed","ping_status":"closed","template":"","meta":{"_acf_changed":false,"footnotes":""},"class_list":["post-2096","page","type-page","status-publish","hentry"],"acf":[],"yoast_head":"<!-- This site is optimized with the Yoast SEO plugin v27.4 - https:\/\/yoast.com\/product\/yoast-seo-wordpress\/ -->\n<title>Regulamin - Eduexpert<\/title>\n<meta name=\"robots\" content=\"index, follow, max-snippet:-1, max-image-preview:large, max-video-preview:-1\" \/>\n<link rel=\"canonical\" href=\"https:\/\/eduexpert.eu\/regulamin\/\" \/>\n<meta property=\"og:locale\" content=\"en_US\" \/>\n<meta property=\"og:type\" content=\"article\" \/>\n<meta property=\"og:title\" content=\"Regulamin - Eduexpert\" \/>\n<meta property=\"og:description\" content=\"TERMS OF USE By accessing and using this site and any web pages located within [\u2026] (collectively, the \u201cSite\u201d), you accept the following terms and conditions (\u201cTerms\u201d), without limitation or qualification. If you do not accept these Terms, you must discontinue all use of the Site. Ownership and third-party link Unless otherwise stated, all content [&hellip;]\" \/>\n<meta property=\"og:url\" content=\"https:\/\/eduexpert.eu\/regulamin\/\" \/>\n<meta property=\"og:site_name\" content=\"Eduexpert\" \/>\n<meta property=\"article:modified_time\" content=\"2024-10-15T08:23:36+00:00\" \/>\n<meta name=\"twitter:card\" content=\"summary_large_image\" \/>\n<meta name=\"twitter:label1\" content=\"Est. reading time\" \/>\n\t<meta name=\"twitter:data1\" content=\"6 minutes\" \/>\n<script type=\"application\/ld+json\" class=\"yoast-schema-graph\">{\"@context\":\"https:\\\/\\\/schema.org\",\"@graph\":[{\"@type\":\"WebPage\",\"@id\":\"https:\\\/\\\/eduexpert.eu\\\/regulamin\\\/\",\"url\":\"https:\\\/\\\/eduexpert.eu\\\/regulamin\\\/\",\"name\":\"Regulamin - Eduexpert\",\"isPartOf\":{\"@id\":\"https:\\\/\\\/eduexpert.eu\\\/#website\"},\"datePublished\":\"2024-08-18T00:39:28+00:00\",\"dateModified\":\"2024-10-15T08:23:36+00:00\",\"breadcrumb\":{\"@id\":\"https:\\\/\\\/eduexpert.eu\\\/regulamin\\\/#breadcrumb\"},\"inLanguage\":\"en-US\",\"potentialAction\":[{\"@type\":\"ReadAction\",\"target\":[\"https:\\\/\\\/eduexpert.eu\\\/regulamin\\\/\"]}]},{\"@type\":\"BreadcrumbList\",\"@id\":\"https:\\\/\\\/eduexpert.eu\\\/regulamin\\\/#breadcrumb\",\"itemListElement\":[{\"@type\":\"ListItem\",\"position\":1,\"name\":\"Home\",\"item\":\"https:\\\/\\\/eduexpert.eu\\\/en\\\/\"},{\"@type\":\"ListItem\",\"position\":2,\"name\":\"Regulamin\"}]},{\"@type\":\"WebSite\",\"@id\":\"https:\\\/\\\/eduexpert.eu\\\/#website\",\"url\":\"https:\\\/\\\/eduexpert.eu\\\/\",\"name\":\"Eduexpert\",\"description\":\"\",\"potentialAction\":[{\"@type\":\"SearchAction\",\"target\":{\"@type\":\"EntryPoint\",\"urlTemplate\":\"https:\\\/\\\/eduexpert.eu\\\/?s={search_term_string}\"},\"query-input\":{\"@type\":\"PropertyValueSpecification\",\"valueRequired\":true,\"valueName\":\"search_term_string\"}}],\"inLanguage\":\"en-US\"}]}<\/script>\n<!-- \/ Yoast SEO plugin. -->","yoast_head_json":{"title":"Regulamin - Eduexpert","robots":{"index":"index","follow":"follow","max-snippet":"max-snippet:-1","max-image-preview":"max-image-preview:large","max-video-preview":"max-video-preview:-1"},"canonical":"https:\/\/eduexpert.eu\/regulamin\/","og_locale":"en_US","og_type":"article","og_title":"Regulamin - Eduexpert","og_description":"TERMS OF USE By accessing and using this site and any web pages located within [\u2026] (collectively, the \u201cSite\u201d), you accept the following terms and conditions (\u201cTerms\u201d), without limitation or qualification. If you do not accept these Terms, you must discontinue all use of the Site. Ownership and third-party link Unless otherwise stated, all content [&hellip;]","og_url":"https:\/\/eduexpert.eu\/regulamin\/","og_site_name":"Eduexpert","article_modified_time":"2024-10-15T08:23:36+00:00","twitter_card":"summary_large_image","twitter_misc":{"Est. reading time":"6 minutes"},"schema":{"@context":"https:\/\/schema.org","@graph":[{"@type":"WebPage","@id":"https:\/\/eduexpert.eu\/regulamin\/","url":"https:\/\/eduexpert.eu\/regulamin\/","name":"Regulamin - Eduexpert","isPartOf":{"@id":"https:\/\/eduexpert.eu\/#website"},"datePublished":"2024-08-18T00:39:28+00:00","dateModified":"2024-10-15T08:23:36+00:00","breadcrumb":{"@id":"https:\/\/eduexpert.eu\/regulamin\/#breadcrumb"},"inLanguage":"en-US","potentialAction":[{"@type":"ReadAction","target":["https:\/\/eduexpert.eu\/regulamin\/"]}]},{"@type":"BreadcrumbList","@id":"https:\/\/eduexpert.eu\/regulamin\/#breadcrumb","itemListElement":[{"@type":"ListItem","position":1,"name":"Home","item":"https:\/\/eduexpert.eu\/en\/"},{"@type":"ListItem","position":2,"name":"Regulamin"}]},{"@type":"WebSite","@id":"https:\/\/eduexpert.eu\/#website","url":"https:\/\/eduexpert.eu\/","name":"Eduexpert","description":"","potentialAction":[{"@type":"SearchAction","target":{"@type":"EntryPoint","urlTemplate":"https:\/\/eduexpert.eu\/?s={search_term_string}"},"query-input":{"@type":"PropertyValueSpecification","valueRequired":true,"valueName":"search_term_string"}}],"inLanguage":"en-US"}]}},"_links":{"self":[{"href":"https:\/\/eduexpert.eu\/en\/wp-json\/wp\/v2\/pages\/2096","targetHints":{"allow":["GET"]}}],"collection":[{"href":"https:\/\/eduexpert.eu\/en\/wp-json\/wp\/v2\/pages"}],"about":[{"href":"https:\/\/eduexpert.eu\/en\/wp-json\/wp\/v2\/types\/page"}],"author":[{"embeddable":true,"href":"https:\/\/eduexpert.eu\/en\/wp-json\/wp\/v2\/users\/3"}],"replies":[{"embeddable":true,"href":"https:\/\/eduexpert.eu\/en\/wp-json\/wp\/v2\/comments?post=2096"}],"version-history":[{"count":3,"href":"https:\/\/eduexpert.eu\/en\/wp-json\/wp\/v2\/pages\/2096\/revisions"}],"predecessor-version":[{"id":2997,"href":"https:\/\/eduexpert.eu\/en\/wp-json\/wp\/v2\/pages\/2096\/revisions\/2997"}],"wp:attachment":[{"href":"https:\/\/eduexpert.eu\/en\/wp-json\/wp\/v2\/media?parent=2096"}],"curies":[{"name":"wp","href":"https:\/\/api.w.org\/{rel}","templated":true}]}}